{"id":15,"date":"2024-03-09T13:20:25","date_gmt":"2024-03-09T13:20:25","guid":{"rendered":"https:\/\/myvoiceart.com\/?page_id=15"},"modified":"2024-07-29T08:18:55","modified_gmt":"2024-07-29T08:18:55","slug":"lekcje-online","status":"publish","type":"page","link":"https:\/\/myvoiceart.com\/index.php\/lekcje-online\/","title":{"rendered":"Lekcje On-line"},"content":{"rendered":"\n[et_pb_section fb_built=&#8221;1&#8243; admin_label=&#8221;Workshops and Events Section&#8221; _builder_version=&#8221;4.24.2&#8243; background_color=&#8221;#000000&#8243; custom_padding=&#8221;0px||0px|&#8221; da_disable_devices=&#8221;off|off|off&#8221; global_colors_info=&#8221;{}&#8221; da_is_popup=&#8221;off&#8221; da_exit_intent=&#8221;off&#8221; da_has_close=&#8221;on&#8221; da_alt_close=&#8221;off&#8221; da_dark_close=&#8221;off&#8221; da_not_modal=&#8221;on&#8221; da_is_singular=&#8221;off&#8221; da_with_loader=&#8221;off&#8221; da_has_shadow=&#8221;on&#8221;][et_pb_row column_structure=&#8221;1_2,1_2&#8243; use_custom_gutter=&#8221;on&#8221; gutter_width=&#8221;0&#8243; make_equal=&#8221;on&#8221; admin_label=&#8221;Workshops and Events Area&#8221; module_id=&#8221;online&#8221; module_class=&#8221; et_pb_row_fullwidth&#8221; _builder_version=&#8221;4.24.3&#8243; width=&#8221;100%&#8221; width_tablet=&#8221;100%&#8221; width_phone=&#8221;100%&#8221; width_last_edited=&#8221;on|desktop&#8221; max_width=&#8221;100%&#8221; max_width_tablet=&#8221;100%&#8221; max_width_phone=&#8221;100%&#8221; max_width_last_edited=&#8221;on|desktop&#8221; custom_margin=&#8221;|||&#8221; custom_padding=&#8221;0px||0px|&#8221; make_fullwidth=&#8221;on&#8221; global_colors_info=&#8221;{}&#8221;][et_pb_column type=&#8221;1_2&#8243; _builder_version=&#8221;4.24.3&#8243; background_image=&#8221;https:\/\/myvoiceart.com\/wp-content\/uploads\/2024\/03\/DSC01425.jpeg&#8221; background_repeat=&#8221;repeat&#8221; custom_padding=&#8221;|||&#8221; global_colors_info=&#8221;{}&#8221; custom_padding__hover=&#8221;|||&#8221;][et_pb_divider show_divider=&#8221;off&#8221; _builder_version=&#8221;4.24.3&#8243; height=&#8221;400px&#8221; locked=&#8221;off&#8221; global_colors_info=&#8221;{}&#8221;][\/et_pb_divider][\/et_pb_column][et_pb_column type=&#8221;1_2&#8243; _builder_version=&#8221;4.24.2&#8243; background_color=&#8221;#000000&#8243; custom_padding=&#8221;5%|5%|5%|5%|true|false&#8221; global_colors_info=&#8221;{}&#8221; custom_padding__hover=&#8221;|||&#8221;][et_pb_text admin_label=&#8221;Title&#8221; _builder_version=&#8221;4.16&#8243; text_font=&#8221;||||||||&#8221; header_font=&#8221;|||||on|||&#8221; header_2_font=&#8221;|||||on|||&#8221; header_2_font_size=&#8221;36px&#8221; header_2_line_height=&#8221;1.2em&#8221; background_layout=&#8221;dark&#8221; animation_style=&#8221;fold&#8221; animation_direction=&#8221;left&#8221; animation_intensity_fold=&#8221;10%&#8221; animation_starting_opacity=&#8221;100%&#8221; global_colors_info=&#8221;{}&#8221;]<h2>Lekcje \u015bpiewu Online<\/h2>[\/et_pb_text][et_pb_divider color=&#8221;#fdb467&#8243; divider_position=&#8221;center&#8221; divider_weight=&#8221;3px&#8221; _builder_version=&#8221;4.16&#8243; max_width=&#8221;50px&#8221; module_alignment=&#8221;left&#8221; animation_style=&#8221;slide&#8221; animation_direction=&#8221;top&#8221; animation_intensity_slide=&#8221;10%&#8221; animation_starting_opacity=&#8221;100%&#8221; locked=&#8221;off&#8221; global_colors_info=&#8221;{}&#8221;][\/et_pb_divider][et_pb_text _builder_version=&#8221;4.24.2&#8243; _module_preset=&#8221;default&#8221; text_font=&#8221;|300|||||||&#8221; text_text_color=&#8221;#FFFFFF&#8221; text_font_size=&#8221;18px&#8221; text_line_height=&#8221;1.8em&#8221; global_colors_info=&#8221;{}&#8221;]<p><span style=\"font-weight: 400;\">W prowadzeniu zaj\u0119\u0107 online posiadam wieloletnie do\u015bwiadczenie oraz pewno\u015b\u0107 i\u00a0 przekonanie o ich skuteczno\u015bci. Praca zdalna znana jest mi jeszcze z epoki przed\u00a0 COVID-owej. Do\u015bwiadczenie w prowadzeniu tej formy zaj\u0119\u0107 zdoby\u0142em dzi\u0119ki\u00a0 realizowanym przez uczelnie z kt\u00f3rymi wsp\u00f3\u0142pracowa\u0142em program\u00f3w oraz\u00a0 studentom, kt\u00f3rzy nalegali na taki rodzaj wsp\u00f3\u0142pracy. Zaj\u0119cia online prowadz\u0119 za\u00a0 po\u015brednictwem komunikatora SKYPE. Komunikator ten nie wycisza t\u0142a w zwi\u0105zku\u00a0 z czym spektrum wszystkich \u0107wicze\u0144 mo\u017ce by\u0107 spokojnie realizowane.\u00a0<\/span><\/p>[\/et_pb_text][et_pb_toggle title=&#8221;Warunki Prawid\u0142owego przebiegu lekcji :&#8221; open_toggle_text_color=&#8221;#FFFFFF&#8221; icon_color=&#8221;gcid-1ea73e91-5d65-4f11-9394-d22c9b3606ce&#8221; use_icon_font_size=&#8221;on&#8221; icon_font_size=&#8221;20px&#8221; open_icon_color=&#8221;gcid-1ea73e91-5d65-4f11-9394-d22c9b3606ce&#8221; open_use_icon_font_size=&#8221;on&#8221; open_icon_font_size=&#8221;20px&#8221; _builder_version=&#8221;4.25.1&#8243; _module_preset=&#8221;default&#8221; title_text_color=&#8221;#FFFFFF&#8221; title_font=&#8221;|||||on|||&#8221; title_font_size=&#8221;20px&#8221; closed_title_font_size=&#8221;20px&#8221; body_text_color=&#8221;#FFFFFF&#8221; background_color=&#8221;#000000&#8243; custom_margin=&#8221;5%||3%||false|false&#8221; hover_enabled=&#8221;0&#8243; border_width_all=&#8221;0px&#8221; global_colors_info=&#8221;{%22gcid-1ea73e91-5d65-4f11-9394-d22c9b3606ce%22:%91%22icon_color%22,%22open_icon_color%22%93}&#8221; sticky_enabled=&#8221;0&#8243;]<p><span style=\"font-weight: 400;\">Warunkiem\u00a0 prawid\u0142owego przebiegu lekcji jest posiadanie urz\u0105dzenia z wbudowan\u0105 kamer\u0105 oraz dobrym mikrofonem, b\u0105d\u017a zewn\u0119trznych urz\u0105dze\u0144 do transmisji obrazu i\u00a0 d\u017awi\u0119ku tj.: kamery i mikrofonu pojemno\u015bciowego (dynamiczny zniekszta\u0142ca\u00a0 niekt\u00f3re warto\u015bci g\u0142osu i prawid\u0142owa korekta jest trudniejsza). Istotna jest r\u00f3wnie\u017c wysoka jako\u015bci przesy\u0142u informacji (\u0142\u0105cza internetowego). Spe\u0142nienie tych\u00a0 warunk\u00f3w determinuje efektywno\u015b\u0107 lekcji oraz pozwala na jej p\u0142ynny przebieg.\u00a0 Dzi\u0119ki czemu jako\u015b\u0107 korekty techniki wokalnej, jak i element\u00f3w zwi\u0105zanych ze\u00a0 stylistyk\u0105 wykonawcz\u0105, jest taka sama jak na lekcji stacjonarnej. Je\u015bli posiadasz dobre \u0142\u0105cze internetowe i odpowiednie urz\u0105dzenia transmituj\u0105ce\u00a0 obraz i d\u017awi\u0119k, lekcje powinny odbywa\u0107 si\u0119 niemal identycznie do tych na \u017cywo.\u00a0 Specyfik\u0105 lekcji SKYPE jest fakt, \u017ce s\u0142uchacz nie zawsze jest w stanie\u00a0 r\u00f3wnocze\u015bnie ze \u015bpiewaniem s\u0142ysze\u0107 akompaniament nauczyciela (zale\u017cy to od\u00a0 jako\u015bci \u0142\u0105cza internetowego). Czasem b\u0119dziesz \u015bpiewa\u0107 \u201ea cappella\u201d lub z\u00a0 przygotowanym podk\u0142adem odtwarzanym przez Ciebie. Jednak na lekcji\u00a0 akompaniuj\u0119 Ci w czasie realnym<\/span><\/p>[\/et_pb_toggle][\/et_pb_column][\/et_pb_row][\/et_pb_section][et_pb_section fb_built=&#8221;1&#8243; specialty=&#8221;on&#8221; admin_label=&#8221;Section&#8221; module_id=&#8221;k&#8221; _builder_version=&#8221;4.24.3&#8243; _module_preset=&#8221;default&#8221; background_color=&#8221;#000000&#8243; background_image=&#8221;https:\/\/myvoiceart.com\/wp-content\/uploads\/2024\/03\/21057.jpg&#8221; inner_width=&#8221;80%&#8221; inner_max_width=&#8221;100%&#8221; custom_margin=&#8221;0%||||false|false&#8221; custom_padding=&#8221;6%||||false|false&#8221; da_popup_slug=&#8221;k&#8221; da_disable_devices=&#8221;off|off|off&#8221; global_colors_info=&#8221;{}&#8221; da_is_popup=&#8221;off&#8221; da_exit_intent=&#8221;off&#8221; da_has_close=&#8221;on&#8221; da_alt_close=&#8221;off&#8221; da_dark_close=&#8221;off&#8221; da_not_modal=&#8221;on&#8221; da_is_singular=&#8221;off&#8221; da_with_loader=&#8221;off&#8221; da_has_shadow=&#8221;on&#8221;][et_pb_column type=&#8221;1_2&#8243; specialty_columns=&#8221;2&#8243; _builder_version=&#8221;4.16&#8243; custom_padding=&#8221;|||&#8221; global_colors_info=&#8221;{}&#8221; custom_padding__hover=&#8221;|||&#8221;][et_pb_row_inner _builder_version=&#8221;4.24.2&#8243; _module_preset=&#8221;default&#8221; global_colors_info=&#8221;{}&#8221;][et_pb_column_inner saved_specialty_column_type=&#8221;1_2&#8243; _builder_version=&#8221;4.24.2&#8243; _module_preset=&#8221;default&#8221; global_colors_info=&#8221;{}&#8221;][et_pb_text _builder_version=&#8221;4.24.2&#8243; _module_preset=&#8221;default&#8221; text_font=&#8221;Montserrat|||||on|||&#8221; text_text_color=&#8221;#FFFFFF&#8221; text_font_size=&#8221;25px&#8221; text_line_height=&#8221;1.6em&#8221; header_text_color=&#8221;#FFFFFF&#8221; global_colors_info=&#8221;{}&#8221;]<p style=\"text-align: center;\">Kalendarz Lekcji\u00a0<\/p>[\/et_pb_text][et_pb_text _builder_version=&#8221;4.24.3&#8243; _module_preset=&#8221;default&#8221; text_font=&#8221;||||||||&#8221; text_text_color=&#8221;#FFFFFF&#8221; text_font_size=&#8221;18px&#8221; text_line_height=&#8221;1.8em&#8221; global_colors_info=&#8221;{}&#8221;]<p>Sprawd\u017a dost\u0119pno\u015b\u0107 termin\u00f3w dla lekcji indywidualnych oraz warsztat\u00f3w grupowych.<br \/>Przy zakupie lekcji lub warsztatu zgadzasz si\u0119 na warunki regulaminu oraz polityki prywatno\u015bci.<br \/>Po zakupie otrzymasz wiadomo\u015b\u0107 mailow\u0105 potwierdzaj\u0105ca termin spotkania.<br \/>Przygotuj si\u0119 do spotkania :<\/p>[\/et_pb_text][\/et_pb_column_inner][\/et_pb_row_inner][et_pb_row_inner column_structure=&#8221;1_3,1_3,1_3&#8243; _builder_version=&#8221;4.24.2&#8243; _module_preset=&#8221;default&#8221; global_colors_info=&#8221;{}&#8221;][et_pb_column_inner type=&#8221;1_3&#8243; saved_specialty_column_type=&#8221;1_2&#8243; _builder_version=&#8221;4.24.2&#8243; _module_preset=&#8221;default&#8221; global_colors_info=&#8221;{}&#8221;][et_pb_blurb title=&#8221;Skype \/ dobre \u0142\u0105cze interentowe&#8221; image=&#8221;https:\/\/myvoiceart.com\/wp-content\/uploads\/2024\/03\/computer.png&#8221; image_icon_width=&#8221;55px&#8221; _builder_version=&#8221;4.24.2&#8243; _module_preset=&#8221;default&#8221; header_font=&#8221;|||||on|||&#8221; header_text_align=&#8221;center&#8221; header_text_color=&#8221;#FFFFFF&#8221; global_colors_info=&#8221;{}&#8221;][\/et_pb_blurb][\/et_pb_column_inner][et_pb_column_inner type=&#8221;1_3&#8243; saved_specialty_column_type=&#8221;1_2&#8243; _builder_version=&#8221;4.24.2&#8243; _module_preset=&#8221;default&#8221; global_colors_info=&#8221;{}&#8221;][et_pb_blurb title=&#8221;Spokojne otoczenie&#8221; image=&#8221;https:\/\/myvoiceart.com\/wp-content\/uploads\/2024\/03\/silence.png&#8221; image_icon_width=&#8221;55px&#8221; _builder_version=&#8221;4.24.2&#8243; _module_preset=&#8221;default&#8221; header_font=&#8221;|||||on|||&#8221; header_text_align=&#8221;center&#8221; header_text_color=&#8221;#FFFFFF&#8221; global_colors_info=&#8221;{}&#8221;][\/et_pb_blurb][\/et_pb_column_inner][et_pb_column_inner type=&#8221;1_3&#8243; saved_specialty_column_type=&#8221;1_2&#8243; _builder_version=&#8221;4.24.2&#8243; _module_preset=&#8221;default&#8221; global_colors_info=&#8221;{}&#8221;][et_pb_blurb title=&#8221;Dobrej jako\u015bci mikrofon&#8221; image=&#8221;https:\/\/myvoiceart.com\/wp-content\/uploads\/2024\/04\/microphone.png&#8221; image_icon_width=&#8221;55px&#8221; _builder_version=&#8221;4.24.2&#8243; _module_preset=&#8221;default&#8221; header_font=&#8221;|||||on|||&#8221; header_text_align=&#8221;center&#8221; header_text_color=&#8221;#FFFFFF&#8221; global_colors_info=&#8221;{}&#8221;][\/et_pb_blurb][\/et_pb_column_inner][\/et_pb_row_inner][\/et_pb_column][et_pb_column type=&#8221;1_2&#8243; _builder_version=&#8221;4.16&#8243; custom_padding=&#8221;|||&#8221; global_colors_info=&#8221;{}&#8221; custom_padding__hover=&#8221;|||&#8221;][et_pb_code _builder_version=&#8221;4.24.2&#8243; _module_preset=&#8221;default&#8221; global_colors_info=&#8221;{}&#8221;]<div class=\"booked-calendar-shortcode-wrap\"><div class=\"booked-calendar-wrap large\"><div class=\"booked-calendar\" data-calendar-date=\"2026-04-01\">\n\t\t<div class=\"bc-head\">\n\n\t\t\t\n\t\t\t<div class=\"bc-row top\">\n\t\t\t\t<div class=\"bc-col\">\n\t\t\t\t\t\t\t\t\t\t<span class=\"calendarSavingState\">\n\t\t\t\t\t\t<i class=\"fa-solid fa-circle-notch fa-spin\"><\/i>\n\t\t\t\t\t<\/span>\n\t\t\t\t\t<span class=\"monthName\">\n\t\t\t\t\t\tkwiecie\u0144 2026\t\t\t\t\t\t\t\t\t\t\t<\/span>\n\t\t\t\t\t<a href=\"#\" data-goto=\"2026-05-01\" class=\"page-right\"><i class=\"fa-solid fa-arrow-right\"><\/i><\/a>\t\t\t\t<\/div>\n\t\t\t<\/div>\n\t\t\t<div class=\"bc-row days\">\n\t\t\t\t\t\t\t\t<div class=\"bc-col\">pon.<\/div>\n\t\t\t\t<div class=\"bc-col\">wt.<\/div>\n\t\t\t\t<div class=\"bc-col\">\u015br.<\/div>\n\t\t\t\t<div class=\"bc-col\">czw.<\/div>\n\t\t\t\t<div class=\"bc-col\">pt.<\/div>\n\t\t\t\t<div class=\"bc-col\">sob.<\/div>\t\t\t\t<div class=\"bc-col\">niedz.<\/div>\t\t\t<\/div>\n\t\t<\/div>\n\t\t<div class=\"bc-body\"><div class=\"bc-row week\"><div data-date=\"2026-03-30\" class=\"bc-col prev-month prev-date\"><span class=\"date\"><span class=\"number\">30<\/span><\/span><\/div><div data-date=\"2026-03-31\" class=\"bc-col prev-month prev-date\"><span class=\"date\"><span class=\"number\">31<\/span><\/span><\/div><div data-date=\"2026-04-1\" class=\"bc-col prev-date\"><span class=\"date\"><span class=\"number\">1<\/span><\/span><\/div><div data-date=\"2026-04-2\" class=\"bc-col prev-date\"><span class=\"date\"><span class=\"number\">2<\/span><\/span><\/div><div data-date=\"2026-04-3\" class=\"bc-col prev-date\"><span class=\"date\"><span class=\"number\">3<\/span><\/span><\/div><div data-date=\"2026-04-4\" class=\"bc-col prev-date\"><span class=\"date\"><span class=\"number\">4<\/span><\/span><\/div><div data-date=\"2026-04-5\" class=\"bc-col prev-date\"><span class=\"date\"><span class=\"number\">5<\/span><\/span><\/div><\/div><div class=\"bc-row week\"><div data-date=\"2026-04-6\" class=\"bc-col prev-date\"><span class=\"date\"><span class=\"number\">6<\/span><\/span><\/div><div data-date=\"2026-04-7\" class=\"bc-col prev-date\"><span class=\"date\"><span class=\"number\">7<\/span><\/span><\/div><div data-date=\"2026-04-8\" class=\"bc-col prev-date\"><span class=\"date\"><span class=\"number\">8<\/span><\/span><\/div><div data-date=\"2026-04-9\" class=\"bc-col prev-date\"><span class=\"date\"><span class=\"number\">9<\/span><\/span><\/div><div data-date=\"2026-04-10\" class=\"bc-col prev-date\"><span class=\"date\"><span class=\"number\">10<\/span><\/span><\/div><div data-date=\"2026-04-11\" class=\"bc-col prev-date\"><span class=\"date\"><span class=\"number\">11<\/span><\/span><\/div><div data-date=\"2026-04-12\" class=\"bc-col prev-date\"><span class=\"date\"><span class=\"number\">12<\/span><\/span><\/div><\/div><div class=\"bc-row week\"><div data-date=\"2026-04-13\" class=\"bc-col prev-date\"><span class=\"date\"><span class=\"number\">13<\/span><\/span><\/div><div data-date=\"2026-04-14\" class=\"bc-col prev-date\"><span class=\"date\"><span class=\"number\">14<\/span><\/span><\/div><div data-date=\"2026-04-15\" class=\"bc-col today prev-date\"><span class=\"date\"><span class=\"number\">15<\/span><\/span><\/div><div data-date=\"2026-04-16\" class=\"bc-col prev-date\"><span class=\"date\"><span class=\"number\">16<\/span><\/span><\/div><div data-date=\"2026-04-17\" class=\"bc-col prev-date\"><span class=\"date\"><span class=\"number\">17<\/span><\/span><\/div><div data-date=\"2026-04-18\" class=\"bc-col prev-date\"><span class=\"date\"><span class=\"number\">18<\/span><\/span><\/div><div data-date=\"2026-04-19\" class=\"bc-col prev-date\"><span class=\"date\"><span class=\"number\">19<\/span><\/span><\/div><\/div><div class=\"bc-row week\"><div data-date=\"2026-04-20\" class=\"bc-col prev-date\"><span class=\"date\"><span class=\"number\">20<\/span><\/span><\/div><div data-date=\"2026-04-21\" class=\"bc-col prev-date\"><span class=\"date\"><span class=\"number\">21<\/span><\/span><\/div><div data-date=\"2026-04-22\" class=\"bc-col prev-date\"><span class=\"date\"><span class=\"number\">22<\/span><\/span><\/div><div data-date=\"2026-04-23\" class=\"bc-col prev-date\"><span class=\"date\"><span class=\"number\">23<\/span><\/span><\/div><div data-date=\"2026-04-24\" class=\"bc-col prev-date\"><span class=\"date\"><span class=\"number\">24<\/span><\/span><\/div><div data-date=\"2026-04-25\" class=\"bc-col prev-date\"><span class=\"date\"><span class=\"number\">25<\/span><\/span><\/div><div data-date=\"2026-04-26\" class=\"bc-col prev-date\"><span class=\"date\"><span class=\"number\">26<\/span><\/span><\/div><\/div><div class=\"bc-row week\"><div data-date=\"2026-04-27\" class=\"bc-col prev-date\"><span class=\"date\"><span class=\"number\">27<\/span><\/span><\/div><div data-date=\"2026-04-28\" class=\"bc-col prev-date\"><span class=\"date\"><span class=\"number\">28<\/span><\/span><\/div><div data-date=\"2026-04-29\" class=\"bc-col prev-date\"><span class=\"date\"><span class=\"number\">29<\/span><\/span><\/div><div data-date=\"2026-04-30\" class=\"bc-col prev-date\"><span class=\"date\"><span class=\"number\">30<\/span><\/span><\/div><div data-date=\"2026-05-1\" class=\"bc-col next-month prev-date\"><span class=\"date\"><span class=\"number\">1<\/span><\/span><\/div><div data-date=\"2026-05-2\" class=\"bc-col next-month prev-date\"><span class=\"date\"><span class=\"number\">2<\/span><\/span><\/div><div data-date=\"2026-05-3\" class=\"bc-col next-month prev-date\"><span class=\"date\"><span class=\"number\">3<\/span><\/span><\/div><\/div>\t\t<\/div>\n\t<\/div><\/div><\/div>[\/et_pb_code][\/et_pb_column][\/et_pb_section]\n","protected":false},"excerpt":{"rendered":"<p>Lekcje \u015bpiewu OnlineW prowadzeniu zaj\u0119\u0107 online posiadam wieloletnie do\u015bwiadczenie oraz pewno\u015b\u0107 i\u00a0 przekonanie o ich skuteczno\u015bci. Praca zdalna znana jest mi jeszcze z epoki przed\u00a0 COVID-owej. Do\u015bwiadczenie w prowadzeniu tej formy zaj\u0119\u0107 zdoby\u0142em dzi\u0119ki\u00a0 realizowanym przez uczelnie z kt\u00f3rymi wsp\u00f3\u0142pracowa\u0142em program\u00f3w oraz\u00a0 studentom, kt\u00f3rzy nalegali na taki rodzaj wsp\u00f3\u0142pracy. Zaj\u0119cia online prowadz\u0119 za\u00a0 po\u015brednictwem komunikatora [&hellip;]<\/p>\n","protected":false},"author":1,"featured_media":0,"parent":0,"menu_order":0,"comment_status":"closed","ping_status":"closed","template":"","meta":{"_et_pb_use_builder":"on","_et_pb_old_content":"","_et_gb_content_width":"","footnotes":""},"class_list":["post-15","page","type-page","status-publish","hentry"],"yoast_head":"<!-- This site is optimized with the Yoast SEO Premium plugin v23.1 (Yoast SEO v27.4) - https:\/\/yoast.com\/product\/yoast-seo-premium-wordpress\/ -->\n<title>Lekcje On-line - My Voice Art<\/title>\n<meta name=\"description\" content=\"Zapisz si\u0119 na lekcje \u015bpiewu On-line. W prowadzeniu zaj\u0119\u0107 online posiadam wieloletnie do\u015bwiadczenie oraz pewno\u015b\u0107 i przekonanie o ich skuteczno\u015bci.\" \/>\n<meta name=\"robots\" content=\"index, follow, max-snippet:-1, max-image-preview:large, max-video-preview:-1\" \/>\n<link rel=\"canonical\" href=\"https:\/\/myvoiceart.com\/index.php\/lekcje-online\/\" \/>\n<meta property=\"og:locale\" content=\"pl_PL\" \/>\n<meta property=\"og:type\" content=\"article\" \/>\n<meta property=\"og:title\" content=\"Lekcje On-line\" \/>\n<meta property=\"og:description\" content=\"Zapisz si\u0119 na lekcje \u015bpiewu On-line. W prowadzeniu zaj\u0119\u0107 online posiadam wieloletnie do\u015bwiadczenie oraz pewno\u015b\u0107 i przekonanie o ich skuteczno\u015bci.\" \/>\n<meta property=\"og:url\" content=\"https:\/\/myvoiceart.com\/index.php\/lekcje-online\/\" \/>\n<meta property=\"og:site_name\" content=\"My Voice Art\" \/>\n<meta property=\"article:modified_time\" content=\"2024-07-29T08:18:55+00:00\" \/>\n<meta name=\"twitter:card\" content=\"summary_large_image\" \/>\n<meta name=\"twitter:label1\" content=\"Szacowany czas czytania\" \/>\n\t<meta name=\"twitter:data1\" content=\"3 minuty\" \/>\n<script type=\"application\/ld+json\" class=\"yoast-schema-graph\">{\"@context\":\"https:\\\/\\\/schema.org\",\"@graph\":[{\"@type\":\"WebPage\",\"@id\":\"https:\\\/\\\/myvoiceart.com\\\/index.php\\\/lekcje-online\\\/\",\"url\":\"https:\\\/\\\/myvoiceart.com\\\/index.php\\\/lekcje-online\\\/\",\"name\":\"Lekcje On-line - My Voice Art\",\"isPartOf\":{\"@id\":\"https:\\\/\\\/myvoiceart.com\\\/#website\"},\"datePublished\":\"2024-03-09T13:20:25+00:00\",\"dateModified\":\"2024-07-29T08:18:55+00:00\",\"description\":\"Zapisz si\u0119 na lekcje \u015bpiewu On-line. W prowadzeniu zaj\u0119\u0107 online posiadam wieloletnie do\u015bwiadczenie oraz pewno\u015b\u0107 i przekonanie o ich skuteczno\u015bci.\",\"breadcrumb\":{\"@id\":\"https:\\\/\\\/myvoiceart.com\\\/index.php\\\/lekcje-online\\\/#breadcrumb\"},\"inLanguage\":\"pl-PL\",\"potentialAction\":[{\"@type\":\"ReadAction\",\"target\":[\"https:\\\/\\\/myvoiceart.com\\\/index.php\\\/lekcje-online\\\/\"]}]},{\"@type\":\"BreadcrumbList\",\"@id\":\"https:\\\/\\\/myvoiceart.com\\\/index.php\\\/lekcje-online\\\/#breadcrumb\",\"itemListElement\":[{\"@type\":\"ListItem\",\"position\":1,\"name\":\"Strona g\u0142\u00f3wna\",\"item\":\"https:\\\/\\\/myvoiceart.com\\\/\"},{\"@type\":\"ListItem\",\"position\":2,\"name\":\"Lekcje On-line\"}]},{\"@type\":\"WebSite\",\"@id\":\"https:\\\/\\\/myvoiceart.com\\\/#website\",\"url\":\"https:\\\/\\\/myvoiceart.com\\\/\",\"name\":\"My Voice Art\",\"description\":\"Nauczyciel \u015apiewu\",\"potentialAction\":[{\"@type\":\"SearchAction\",\"target\":{\"@type\":\"EntryPoint\",\"urlTemplate\":\"https:\\\/\\\/myvoiceart.com\\\/?s={search_term_string}\"},\"query-input\":{\"@type\":\"PropertyValueSpecification\",\"valueRequired\":true,\"valueName\":\"search_term_string\"}}],\"inLanguage\":\"pl-PL\"}]}<\/script>\n<!-- \/ Yoast SEO Premium plugin. -->","yoast_head_json":{"title":"Lekcje On-line - My Voice Art","description":"Zapisz si\u0119 na lekcje \u015bpiewu On-line. W prowadzeniu zaj\u0119\u0107 online posiadam wieloletnie do\u015bwiadczenie oraz pewno\u015b\u0107 i przekonanie o ich skuteczno\u015bci.","robots":{"index":"index","follow":"follow","max-snippet":"max-snippet:-1","max-image-preview":"max-image-preview:large","max-video-preview":"max-video-preview:-1"},"canonical":"https:\/\/myvoiceart.com\/index.php\/lekcje-online\/","og_locale":"pl_PL","og_type":"article","og_title":"Lekcje On-line","og_description":"Zapisz si\u0119 na lekcje \u015bpiewu On-line. W prowadzeniu zaj\u0119\u0107 online posiadam wieloletnie do\u015bwiadczenie oraz pewno\u015b\u0107 i przekonanie o ich skuteczno\u015bci.","og_url":"https:\/\/myvoiceart.com\/index.php\/lekcje-online\/","og_site_name":"My Voice Art","article_modified_time":"2024-07-29T08:18:55+00:00","twitter_card":"summary_large_image","twitter_misc":{"Szacowany czas czytania":"3 minuty"},"schema":{"@context":"https:\/\/schema.org","@graph":[{"@type":"WebPage","@id":"https:\/\/myvoiceart.com\/index.php\/lekcje-online\/","url":"https:\/\/myvoiceart.com\/index.php\/lekcje-online\/","name":"Lekcje On-line - My Voice Art","isPartOf":{"@id":"https:\/\/myvoiceart.com\/#website"},"datePublished":"2024-03-09T13:20:25+00:00","dateModified":"2024-07-29T08:18:55+00:00","description":"Zapisz si\u0119 na lekcje \u015bpiewu On-line. W prowadzeniu zaj\u0119\u0107 online posiadam wieloletnie do\u015bwiadczenie oraz pewno\u015b\u0107 i przekonanie o ich skuteczno\u015bci.","breadcrumb":{"@id":"https:\/\/myvoiceart.com\/index.php\/lekcje-online\/#breadcrumb"},"inLanguage":"pl-PL","potentialAction":[{"@type":"ReadAction","target":["https:\/\/myvoiceart.com\/index.php\/lekcje-online\/"]}]},{"@type":"BreadcrumbList","@id":"https:\/\/myvoiceart.com\/index.php\/lekcje-online\/#breadcrumb","itemListElement":[{"@type":"ListItem","position":1,"name":"Strona g\u0142\u00f3wna","item":"https:\/\/myvoiceart.com\/"},{"@type":"ListItem","position":2,"name":"Lekcje On-line"}]},{"@type":"WebSite","@id":"https:\/\/myvoiceart.com\/#website","url":"https:\/\/myvoiceart.com\/","name":"My Voice Art","description":"Nauczyciel \u015apiewu","potentialAction":[{"@type":"SearchAction","target":{"@type":"EntryPoint","urlTemplate":"https:\/\/myvoiceart.com\/?s={search_term_string}"},"query-input":{"@type":"PropertyValueSpecification","valueRequired":true,"valueName":"search_term_string"}}],"inLanguage":"pl-PL"}]}},"_links":{"self":[{"href":"https:\/\/myvoiceart.com\/index.php\/wp-json\/wp\/v2\/pages\/15","targetHints":{"allow":["GET"]}}],"collection":[{"href":"https:\/\/myvoiceart.com\/index.php\/wp-json\/wp\/v2\/pages"}],"about":[{"href":"https:\/\/myvoiceart.com\/index.php\/wp-json\/wp\/v2\/types\/page"}],"author":[{"embeddable":true,"href":"https:\/\/myvoiceart.com\/index.php\/wp-json\/wp\/v2\/users\/1"}],"replies":[{"embeddable":true,"href":"https:\/\/myvoiceart.com\/index.php\/wp-json\/wp\/v2\/comments?post=15"}],"version-history":[{"count":46,"href":"https:\/\/myvoiceart.com\/index.php\/wp-json\/wp\/v2\/pages\/15\/revisions"}],"predecessor-version":[{"id":243815,"href":"https:\/\/myvoiceart.com\/index.php\/wp-json\/wp\/v2\/pages\/15\/revisions\/243815"}],"wp:attachment":[{"href":"https:\/\/myvoiceart.com\/index.php\/wp-json\/wp\/v2\/media?parent=15"}],"curies":[{"name":"wp","href":"https:\/\/api.w.org\/{rel}","templated":true}]}}